{"id":87,"date":"2017-08-06T22:48:03","date_gmt":"2017-08-06T20:48:03","guid":{"rendered":"http:\/\/metaconception.000webhostapp.com\/battlerapgame\/?page_id=87"},"modified":"2024-01-31T11:51:46","modified_gmt":"2024-01-31T10:51:46","slug":"challenge-3","status":"publish","type":"page","link":"http:\/\/www.battlerapgame.fr\/?page_id=87","title":{"rendered":"Challenge-2"},"content":{"rendered":"<p><iframe loading=\"lazy\" title=\"DOUBLE VIE - Tu fais d&#039;la Trap ?\" width=\"474\" height=\"267\" src=\"https:\/\/www.youtube.com\/embed\/VMctGCM9h84?feature=oembed\" frameborder=\"0\" allow=\"accelerometer; autoplay; clipboard-write; encrypted-media; gyroscope; picture-in-picture; web-share\" referrerpolicy=\"strict-origin-when-cross-origin\" allowfullscreen><\/iframe><\/p>\n<p style=\"text-align: center;\"><b><u>Vous voulez challenger ce rappeur ?<\/u><\/b><\/p>\n<p style=\"text-align: center;\">1. <a href=\"http:\/\/www.battlerapgame.fr\/wp-login.php?action=register\">Inscrivez-vous sur le site<\/a><br \/>\n2. <a href=\"http:\/\/www.battlerapgame.fr\/wp-login.php\">Connectez-vous<\/a><br \/>\n3. Laissez un commentaire sur cette page (ci-dessous) avec l&#8217;url (youtube) de votre vid\u00e9o<br \/>\n4. Elle sera publi\u00e9e en moins de 24h<\/p>\n<pre style=\"text-align: center;\">Vous serez alors dans l'ar\u00e8ne pour d\u00e9fier CE challenger !\nBon courage et have fun !<\/pre>\n","protected":false},"excerpt":{"rendered":"<p>Vous voulez challenger ce rappeur ? 1. Inscrivez-vous sur le site 2. Connectez-vous 3. Laissez un commentaire sur cette page (ci-dessous) avec l&#8217;url (youtube) de votre vid\u00e9o 4. Elle sera publi\u00e9e en moins de 24h Vous serez alors dans l&#8217;ar\u00e8ne pour d\u00e9fier CE challenger ! Bon courage et have fun !<\/p>\n","protected":false},"author":1,"featured_media":0,"parent":0,"menu_order":0,"comment_status":"open","ping_status":"closed","template":"","meta":{"footnotes":""},"categories":[5],"tags":[],"class_list":["post-87","page","type-page","status-publish","hentry","category-challenger"],"yoast_head":"<!-- This site is optimized with the Yoast SEO plugin v23.5 - https:\/\/yoast.com\/wordpress\/plugins\/seo\/ -->\n<title>Challenge-2 - BattleRapgame - Entrez dans l&#039;ar\u00e8ne ! :)<\/title>\n<meta name=\"robots\" content=\"index, follow, max-snippet:-1, max-image-preview:large, max-video-preview:-1\" \/>\n<link rel=\"canonical\" href=\"http:\/\/www.battlerapgame.fr\/?page_id=87\" \/>\n<meta property=\"og:locale\" content=\"fr_FR\" \/>\n<meta property=\"og:type\" content=\"article\" \/>\n<meta property=\"og:title\" content=\"Challenge-2 - BattleRapgame - Entrez dans l&#039;ar\u00e8ne ! :)\" \/>\n<meta property=\"og:description\" content=\"Vous voulez challenger ce rappeur ? 1. Inscrivez-vous sur le site 2. Connectez-vous 3. Laissez un commentaire sur cette page (ci-dessous) avec l&#8217;url (youtube) de votre vid\u00e9o 4. Elle sera publi\u00e9e en moins de 24h Vous serez alors dans l&#039;ar\u00e8ne pour d\u00e9fier CE challenger ! Bon courage et have fun !\" \/>\n<meta property=\"og:url\" content=\"http:\/\/www.battlerapgame.fr\/?page_id=87\" \/>\n<meta property=\"og:site_name\" content=\"BattleRapgame - Entrez dans l&#039;ar\u00e8ne ! :)\" \/>\n<meta property=\"article:modified_time\" content=\"2024-01-31T10:51:46+00:00\" \/>\n<meta name=\"twitter:card\" content=\"summary_large_image\" \/>\n<meta name=\"twitter:label1\" content=\"Dur\u00e9e de lecture estim\u00e9e\" \/>\n\t<meta name=\"twitter:data1\" content=\"1 minute\" \/>\n<script type=\"application\/ld+json\" class=\"yoast-schema-graph\">{\"@context\":\"https:\/\/schema.org\",\"@graph\":[{\"@type\":\"WebPage\",\"@id\":\"http:\/\/www.battlerapgame.fr\/?page_id=87\",\"url\":\"http:\/\/www.battlerapgame.fr\/?page_id=87\",\"name\":\"Challenge-2 - BattleRapgame - Entrez dans l&#039;ar\u00e8ne ! :)\",\"isPartOf\":{\"@id\":\"http:\/\/www.battlerapgame.fr\/#website\"},\"datePublished\":\"2017-08-06T20:48:03+00:00\",\"dateModified\":\"2024-01-31T10:51:46+00:00\",\"breadcrumb\":{\"@id\":\"http:\/\/www.battlerapgame.fr\/?page_id=87#breadcrumb\"},\"inLanguage\":\"fr-FR\",\"potentialAction\":[{\"@type\":\"ReadAction\",\"target\":[\"http:\/\/www.battlerapgame.fr\/?page_id=87\"]}]},{\"@type\":\"BreadcrumbList\",\"@id\":\"http:\/\/www.battlerapgame.fr\/?page_id=87#breadcrumb\",\"itemListElement\":[{\"@type\":\"ListItem\",\"position\":1,\"name\":\"Accueil\",\"item\":\"http:\/\/www.battlerapgame.fr\/\"},{\"@type\":\"ListItem\",\"position\":2,\"name\":\"Challenger !\",\"item\":\"http:\/\/www.battlerapgame.fr\/?cat=5\"},{\"@type\":\"ListItem\",\"position\":3,\"name\":\"Challenge-2\"}]},{\"@type\":\"WebSite\",\"@id\":\"http:\/\/www.battlerapgame.fr\/#website\",\"url\":\"http:\/\/www.battlerapgame.fr\/\",\"name\":\"BattleRapgame - Entrez dans l&#039;ar\u00e8ne ! :)\",\"description\":\"\",\"potentialAction\":[{\"@type\":\"SearchAction\",\"target\":{\"@type\":\"EntryPoint\",\"urlTemplate\":\"http:\/\/www.battlerapgame.fr\/?s={search_term_string}\"},\"query-input\":{\"@type\":\"PropertyValueSpecification\",\"valueRequired\":true,\"valueName\":\"search_term_string\"}}],\"inLanguage\":\"fr-FR\"}]}<\/script>\n<!-- \/ Yoast SEO plugin. -->","yoast_head_json":{"title":"Challenge-2 - BattleRapgame - Entrez dans l&#039;ar\u00e8ne ! :)","robots":{"index":"index","follow":"follow","max-snippet":"max-snippet:-1","max-image-preview":"max-image-preview:large","max-video-preview":"max-video-preview:-1"},"canonical":"http:\/\/www.battlerapgame.fr\/?page_id=87","og_locale":"fr_FR","og_type":"article","og_title":"Challenge-2 - BattleRapgame - Entrez dans l&#039;ar\u00e8ne ! :)","og_description":"Vous voulez challenger ce rappeur ? 1. Inscrivez-vous sur le site 2. Connectez-vous 3. Laissez un commentaire sur cette page (ci-dessous) avec l&#8217;url (youtube) de votre vid\u00e9o 4. Elle sera publi\u00e9e en moins de 24h Vous serez alors dans l'ar\u00e8ne pour d\u00e9fier CE challenger ! Bon courage et have fun !","og_url":"http:\/\/www.battlerapgame.fr\/?page_id=87","og_site_name":"BattleRapgame - Entrez dans l&#039;ar\u00e8ne ! :)","article_modified_time":"2024-01-31T10:51:46+00:00","twitter_card":"summary_large_image","twitter_misc":{"Dur\u00e9e de lecture estim\u00e9e":"1 minute"},"schema":{"@context":"https:\/\/schema.org","@graph":[{"@type":"WebPage","@id":"http:\/\/www.battlerapgame.fr\/?page_id=87","url":"http:\/\/www.battlerapgame.fr\/?page_id=87","name":"Challenge-2 - BattleRapgame - Entrez dans l&#039;ar\u00e8ne ! :)","isPartOf":{"@id":"http:\/\/www.battlerapgame.fr\/#website"},"datePublished":"2017-08-06T20:48:03+00:00","dateModified":"2024-01-31T10:51:46+00:00","breadcrumb":{"@id":"http:\/\/www.battlerapgame.fr\/?page_id=87#breadcrumb"},"inLanguage":"fr-FR","potentialAction":[{"@type":"ReadAction","target":["http:\/\/www.battlerapgame.fr\/?page_id=87"]}]},{"@type":"BreadcrumbList","@id":"http:\/\/www.battlerapgame.fr\/?page_id=87#breadcrumb","itemListElement":[{"@type":"ListItem","position":1,"name":"Accueil","item":"http:\/\/www.battlerapgame.fr\/"},{"@type":"ListItem","position":2,"name":"Challenger !","item":"http:\/\/www.battlerapgame.fr\/?cat=5"},{"@type":"ListItem","position":3,"name":"Challenge-2"}]},{"@type":"WebSite","@id":"http:\/\/www.battlerapgame.fr\/#website","url":"http:\/\/www.battlerapgame.fr\/","name":"BattleRapgame - Entrez dans l&#039;ar\u00e8ne ! :)","description":"","potentialAction":[{"@type":"SearchAction","target":{"@type":"EntryPoint","urlTemplate":"http:\/\/www.battlerapgame.fr\/?s={search_term_string}"},"query-input":{"@type":"PropertyValueSpecification","valueRequired":true,"valueName":"search_term_string"}}],"inLanguage":"fr-FR"}]}},"_links":{"self":[{"href":"http:\/\/www.battlerapgame.fr\/index.php?rest_route=\/wp\/v2\/pages\/87"}],"collection":[{"href":"http:\/\/www.battlerapgame.fr\/index.php?rest_route=\/wp\/v2\/pages"}],"about":[{"href":"http:\/\/www.battlerapgame.fr\/index.php?rest_route=\/wp\/v2\/types\/page"}],"author":[{"embeddable":true,"href":"http:\/\/www.battlerapgame.fr\/index.php?rest_route=\/wp\/v2\/users\/1"}],"replies":[{"embeddable":true,"href":"http:\/\/www.battlerapgame.fr\/index.php?rest_route=%2Fwp%2Fv2%2Fcomments&post=87"}],"version-history":[{"count":7,"href":"http:\/\/www.battlerapgame.fr\/index.php?rest_route=\/wp\/v2\/pages\/87\/revisions"}],"predecessor-version":[{"id":409,"href":"http:\/\/www.battlerapgame.fr\/index.php?rest_route=\/wp\/v2\/pages\/87\/revisions\/409"}],"wp:attachment":[{"href":"http:\/\/www.battlerapgame.fr\/index.php?rest_route=%2Fwp%2Fv2%2Fmedia&parent=87"}],"wp:term":[{"taxonomy":"category","embeddable":true,"href":"http:\/\/www.battlerapgame.fr\/index.php?rest_route=%2Fwp%2Fv2%2Fcategories&post=87"},{"taxonomy":"post_tag","embeddable":true,"href":"http:\/\/www.battlerapgame.fr\/index.php?rest_route=%2Fwp%2Fv2%2Ftags&post=87"}],"curies":[{"name":"wp","href":"https:\/\/api.w.org\/{rel}","templated":true}]}}