{"id":61,"date":"2017-08-06T20:23:34","date_gmt":"2017-08-06T18:23:34","guid":{"rendered":"http:\/\/metaconception.000webhostapp.com\/battlerapgame\/?page_id=61"},"modified":"2020-06-21T22:20:30","modified_gmt":"2020-06-21T20:20:30","slug":"news","status":"publish","type":"page","link":"http:\/\/www.battlerapgame.fr\/?page_id=61","title":{"rendered":"News"},"content":{"rendered":"<p><span class=\"wpnwm-shortcode-preview\">\t<div class=\"wpnawfree-plugin news-clearfix \" id=\"wpnw-news-1\">\r\n\r\n\t\t\r\n\t\t\t<div id=\"post-311\" class=\"news type-news wpnaw-blog-class has-date news-col-list wpnaw-first\">\r\n\t\t\t\t<div class=\"news-inner-wrap-view news-clearfix wpnaw-news-no-image\">\r\n\r\n\t\t\t\t\t\r\n\t\t\t\t\t<div class=\"news-content\">\r\n\t\t\t\t\t\t\t\t\t\t\t\t\t<div class=\"grid-date-post\">\r\n\t\t\t\t\t\t\t\t21 juin 2020\t\t\t\t\t\t\t<\/div>\r\n\t\t\t\t\t\t\r\n\t\t\t\t\t\t<div class=\"post-content-text\">\r\n\t\t\t\t\t\t\t<h3 class=\"news-title\"><a href=\"http:\/\/www.battlerapgame.fr\/?news=site-recherche-dorenavant-investisseur\" rel=\"bookmark\">Le site recherche dor\u00e9navant un investisseur<\/a><\/h3>\t\t\t\t\t\t\t\t<div class=\"news-content-excerpt\">\r\n\t\t\t\t\t\t\t\t\t\t\t\t\t\t\t\t\t\t\t<div class=\"news-short-content\">\r\n\t\t\t\t\t\t\t\t\t\t\tNous sommes le 21 du mois de Juin de l'ann\u00e9e 2020... BattleRapGame a \u00e9t\u00e9 mis \u00e0 jour. Si le site...\t\t\t\t\t\t\t\t\t\t<\/div>\r\n\t\t\t\t\t\t\t\t\t\t<a href=\"http:\/\/www.battlerapgame.fr\/?news=site-recherche-dorenavant-investisseur\" class=\"news-more-link\">En savoir plus<\/a>\r\n\t\t\t\t\t\t\t\t\t\t\t\t\t\t\t\t\t<\/div><!-- .entry-content -->\r\n\t\t\t\t\t\t\t\t\t\t\t\t\t<\/div>\r\n\t\t\t\t\t<\/div>\r\n\t\t\t\t<\/div><!-- #post-## -->\r\n\t\t\t<\/div><!-- #post-## -->\r\n\t\t\r\n\t\t\t<div id=\"post-147\" class=\"news type-news wpnaw-blog-class has-date news-col-list wpnaw-last\">\r\n\t\t\t\t<div class=\"news-inner-wrap-view news-clearfix wpnaw-news-no-image\">\r\n\r\n\t\t\t\t\t\r\n\t\t\t\t\t<div class=\"news-content\">\r\n\t\t\t\t\t\t\t\t\t\t\t\t\t<div class=\"grid-date-post\">\r\n\t\t\t\t\t\t\t\t2 septembre 2017\t\t\t\t\t\t\t<\/div>\r\n\t\t\t\t\t\t\r\n\t\t\t\t\t\t<div class=\"post-content-text\">\r\n\t\t\t\t\t\t\t<h3 class=\"news-title\"><a href=\"http:\/\/www.battlerapgame.fr\/?news=site-brg-battlerapgame-enfin-pret\" rel=\"bookmark\">Le site BRG (BattleRapGame) est enfin pr\u00eat !<\/a><\/h3>\t\t\t\t\t\t\t\t<div class=\"news-content-excerpt\">\r\n\t\t\t\t\t\t\t\t\t\t\t\t\t\t\t\t\t\t\t<div class=\"news-short-content\">\r\n\t\t\t\t\t\t\t\t\t\t\tBonjour \u00e0 tous, nous avons travaill\u00e9 sur ce site depuis plusieurs semaines (conceptualisation et mise en ligne) et il est...\t\t\t\t\t\t\t\t\t\t<\/div>\r\n\t\t\t\t\t\t\t\t\t\t<a href=\"http:\/\/www.battlerapgame.fr\/?news=site-brg-battlerapgame-enfin-pret\" class=\"news-more-link\">En savoir plus<\/a>\r\n\t\t\t\t\t\t\t\t\t\t\t\t\t\t\t\t\t<\/div><!-- .entry-content -->\r\n\t\t\t\t\t\t\t\t\t\t\t\t\t<\/div>\r\n\t\t\t\t\t<\/div>\r\n\t\t\t\t<\/div><!-- #post-## -->\r\n\t\t\t<\/div><!-- #post-## -->\r\n\t\t\t<\/div>\r\n\r\n\t<\/span><\/p>\n","protected":false},"excerpt":{"rendered":"","protected":false},"author":1,"featured_media":0,"parent":0,"menu_order":0,"comment_status":"closed","ping_status":"closed","template":"","meta":{"footnotes":""},"categories":[],"tags":[],"class_list":["post-61","page","type-page","status-publish","hentry"],"yoast_head":"<!-- This site is optimized with the Yoast SEO plugin v23.5 - https:\/\/yoast.com\/wordpress\/plugins\/seo\/ -->\n<title>News - BattleRapgame - Entrez dans l&#039;ar\u00e8ne ! :)<\/title>\n<meta name=\"robots\" content=\"index, follow, max-snippet:-1, max-image-preview:large, max-video-preview:-1\" \/>\n<link rel=\"canonical\" href=\"http:\/\/www.battlerapgame.fr\/?page_id=61\" \/>\n<meta property=\"og:locale\" content=\"fr_FR\" \/>\n<meta property=\"og:type\" content=\"article\" \/>\n<meta property=\"og:title\" content=\"News - BattleRapgame - Entrez dans l&#039;ar\u00e8ne ! :)\" \/>\n<meta property=\"og:url\" content=\"http:\/\/www.battlerapgame.fr\/?page_id=61\" \/>\n<meta property=\"og:site_name\" content=\"BattleRapgame - Entrez dans l&#039;ar\u00e8ne ! :)\" \/>\n<meta property=\"article:modified_time\" content=\"2020-06-21T20:20:30+00:00\" \/>\n<meta name=\"twitter:card\" content=\"summary_large_image\" \/>\n<script type=\"application\/ld+json\" class=\"yoast-schema-graph\">{\"@context\":\"https:\/\/schema.org\",\"@graph\":[{\"@type\":\"WebPage\",\"@id\":\"http:\/\/www.battlerapgame.fr\/?page_id=61\",\"url\":\"http:\/\/www.battlerapgame.fr\/?page_id=61\",\"name\":\"News - BattleRapgame - Entrez dans l&#039;ar\u00e8ne ! :)\",\"isPartOf\":{\"@id\":\"http:\/\/www.battlerapgame.fr\/#website\"},\"datePublished\":\"2017-08-06T18:23:34+00:00\",\"dateModified\":\"2020-06-21T20:20:30+00:00\",\"breadcrumb\":{\"@id\":\"http:\/\/www.battlerapgame.fr\/?page_id=61#breadcrumb\"},\"inLanguage\":\"fr-FR\",\"potentialAction\":[{\"@type\":\"ReadAction\",\"target\":[\"http:\/\/www.battlerapgame.fr\/?page_id=61\"]}]},{\"@type\":\"BreadcrumbList\",\"@id\":\"http:\/\/www.battlerapgame.fr\/?page_id=61#breadcrumb\",\"itemListElement\":[{\"@type\":\"ListItem\",\"position\":1,\"name\":\"Accueil\",\"item\":\"http:\/\/www.battlerapgame.fr\/\"},{\"@type\":\"ListItem\",\"position\":2,\"name\":\"News\"}]},{\"@type\":\"WebSite\",\"@id\":\"http:\/\/www.battlerapgame.fr\/#website\",\"url\":\"http:\/\/www.battlerapgame.fr\/\",\"name\":\"BattleRapgame - Entrez dans l&#039;ar\u00e8ne ! :)\",\"description\":\"\",\"potentialAction\":[{\"@type\":\"SearchAction\",\"target\":{\"@type\":\"EntryPoint\",\"urlTemplate\":\"http:\/\/www.battlerapgame.fr\/?s={search_term_string}\"},\"query-input\":{\"@type\":\"PropertyValueSpecification\",\"valueRequired\":true,\"valueName\":\"search_term_string\"}}],\"inLanguage\":\"fr-FR\"}]}<\/script>\n<!-- \/ Yoast SEO plugin. -->","yoast_head_json":{"title":"News - BattleRapgame - Entrez dans l&#039;ar\u00e8ne ! :)","robots":{"index":"index","follow":"follow","max-snippet":"max-snippet:-1","max-image-preview":"max-image-preview:large","max-video-preview":"max-video-preview:-1"},"canonical":"http:\/\/www.battlerapgame.fr\/?page_id=61","og_locale":"fr_FR","og_type":"article","og_title":"News - BattleRapgame - Entrez dans l&#039;ar\u00e8ne ! :)","og_url":"http:\/\/www.battlerapgame.fr\/?page_id=61","og_site_name":"BattleRapgame - Entrez dans l&#039;ar\u00e8ne ! :)","article_modified_time":"2020-06-21T20:20:30+00:00","twitter_card":"summary_large_image","schema":{"@context":"https:\/\/schema.org","@graph":[{"@type":"WebPage","@id":"http:\/\/www.battlerapgame.fr\/?page_id=61","url":"http:\/\/www.battlerapgame.fr\/?page_id=61","name":"News - BattleRapgame - Entrez dans l&#039;ar\u00e8ne ! :)","isPartOf":{"@id":"http:\/\/www.battlerapgame.fr\/#website"},"datePublished":"2017-08-06T18:23:34+00:00","dateModified":"2020-06-21T20:20:30+00:00","breadcrumb":{"@id":"http:\/\/www.battlerapgame.fr\/?page_id=61#breadcrumb"},"inLanguage":"fr-FR","potentialAction":[{"@type":"ReadAction","target":["http:\/\/www.battlerapgame.fr\/?page_id=61"]}]},{"@type":"BreadcrumbList","@id":"http:\/\/www.battlerapgame.fr\/?page_id=61#breadcrumb","itemListElement":[{"@type":"ListItem","position":1,"name":"Accueil","item":"http:\/\/www.battlerapgame.fr\/"},{"@type":"ListItem","position":2,"name":"News"}]},{"@type":"WebSite","@id":"http:\/\/www.battlerapgame.fr\/#website","url":"http:\/\/www.battlerapgame.fr\/","name":"BattleRapgame - Entrez dans l&#039;ar\u00e8ne ! :)","description":"","potentialAction":[{"@type":"SearchAction","target":{"@type":"EntryPoint","urlTemplate":"http:\/\/www.battlerapgame.fr\/?s={search_term_string}"},"query-input":{"@type":"PropertyValueSpecification","valueRequired":true,"valueName":"search_term_string"}}],"inLanguage":"fr-FR"}]}},"_links":{"self":[{"href":"http:\/\/www.battlerapgame.fr\/index.php?rest_route=\/wp\/v2\/pages\/61"}],"collection":[{"href":"http:\/\/www.battlerapgame.fr\/index.php?rest_route=\/wp\/v2\/pages"}],"about":[{"href":"http:\/\/www.battlerapgame.fr\/index.php?rest_route=\/wp\/v2\/types\/page"}],"author":[{"embeddable":true,"href":"http:\/\/www.battlerapgame.fr\/index.php?rest_route=\/wp\/v2\/users\/1"}],"replies":[{"embeddable":true,"href":"http:\/\/www.battlerapgame.fr\/index.php?rest_route=%2Fwp%2Fv2%2Fcomments&post=61"}],"version-history":[{"count":2,"href":"http:\/\/www.battlerapgame.fr\/index.php?rest_route=\/wp\/v2\/pages\/61\/revisions"}],"predecessor-version":[{"id":299,"href":"http:\/\/www.battlerapgame.fr\/index.php?rest_route=\/wp\/v2\/pages\/61\/revisions\/299"}],"wp:attachment":[{"href":"http:\/\/www.battlerapgame.fr\/index.php?rest_route=%2Fwp%2Fv2%2Fmedia&parent=61"}],"wp:term":[{"taxonomy":"category","embeddable":true,"href":"http:\/\/www.battlerapgame.fr\/index.php?rest_route=%2Fwp%2Fv2%2Fcategories&post=61"},{"taxonomy":"post_tag","embeddable":true,"href":"http:\/\/www.battlerapgame.fr\/index.php?rest_route=%2Fwp%2Fv2%2Ftags&post=61"}],"curies":[{"name":"wp","href":"https:\/\/api.w.org\/{rel}","templated":true}]}}