{"id":2,"date":"2017-08-03T01:43:46","date_gmt":"2017-08-02T23:43:46","guid":{"rendered":"http:\/\/metaconception.000webhostapp.com\/battlerapgame\/?page_id=2"},"modified":"2024-10-07T20:40:33","modified_gmt":"2024-10-07T18:40:33","slug":"comment-ca-marche","status":"publish","type":"page","link":"http:\/\/www.battlerapgame.fr\/?page_id=2","title":{"rendered":"Comment \u00e7a marche ?"},"content":{"rendered":"<p style=\"text-align: center;\"><img loading=\"lazy\" decoding=\"async\" class=\"alignnone size-full wp-image-56\" src=\"http:\/\/www.battlerapgame.fr\/wp-content\/uploads\/2017\/08\/comment-ca-marche.jpg\" alt=\"\" width=\"550\" height=\"386\" srcset=\"http:\/\/www.battlerapgame.fr\/wp-content\/uploads\/2017\/08\/comment-ca-marche.jpg 550w, http:\/\/www.battlerapgame.fr\/wp-content\/uploads\/2017\/08\/comment-ca-marche-300x211.jpg 300w\" sizes=\"(max-width: 550px) 100vw, 550px\" \/><\/p>\n<p style=\"text-align: center;\">BattleRapGame (BRG), est un site de battles Rap.<br \/>Son fonctionnement est tr\u00e8s simple:<br \/>1. les rappeurs postent leur vid\u00e9o (clip-rap)<br \/>2. les visiteurs votent pour leur vid\u00e9o favorie<br \/>3. la battle se termine avec un gagnant et un perdant<br \/>4. le gagnant gagne 4 points, le perdant 1 seul point<br \/>Le but du jeu \u00e9tant d&#8217;avoir le plus de points possible.<\/p>\n<p style=\"text-align: center;\"><strong>Les vid\u00e9o (clip-rap) des rappeurs doivent \u00eatre h\u00e9berg\u00e9es sur Youtube, obligatoirement.<\/strong><\/p>\n<p>Ensuite, ils (les rappeurs) cliquent sur &#8220;Cr\u00e9er une battle !&#8221; ou &#8220;Challenger !&#8221; dans le menu : en gros, soit ils cr\u00e9ent la battle, soit ils rejoignent une battle qui attend un challenger.<\/p>\n<p style=\"text-align: center;\"><strong>Voici pour le fonctionnement.<\/strong><\/p>\n<p><u>Que doit contenir la vid\u00e9o (clip-rap) ?<\/u><br \/>La musique: la vid\u00e9o doit \u00eatre une vid\u00e9o musicale rap.<br \/>Vous pouvez faire un clip, un montage ou mettre une simple &#8220;image youtube&#8221; sur votre vid\u00e9o, mais elle doit obligatoirement contenir la musique et le chant, bref, une vid\u00e9o &#8220;clip-rap&#8221;.<\/p>\n<p>Sachez toutefois que les visiteurs (votants) peuvent \u00eatre influenc\u00e9s par le contenu musical (la qualit\u00e9 de la voix, du flow, des paroles, de l&#8217;instru) mais \u00e9galement au niveau de la cr\u00e9ativit\u00e9 de la vid\u00e9o. \u00c0 vous de voir donc ce que vous placerez en vid\u00e9o.<br \/><em>Mais, il est n\u00e9cessaire de placer une vid\u00e9o avec un contenu musical (chant+instru).<\/em><\/p>\n<p><u>Combien de temps dure une battle ?<\/u><br \/>Une battle dure le temps de 15 votes. D\u00e8s que la battle aura re\u00e7u 15 votes, elle sera ferm\u00e9e et il y aura un vainqueur et un perdant.<\/p>\n<p><u>Y a-t-il des choses \u00e0 gagner ?<\/u><br \/>Avez-vous remarqu\u00e9 le &#8220;C&#8221; dans le menu qui en fait veut dire: see ?<br \/>Tant que ce &#8220;C&#8221; (qui vous permet de voir les battles en cours) est l\u00e0, c&#8217;est qu&#8217;il n&#8217;y a pas assez de visiteurs pour remettre des prix aux meilleurs rappeurs.<br \/>Lorsqu&#8217;il y aura assez de visiteurs, le &#8220;C&#8221; (see\/voir) se transformera en: A, B, C, D qui seront quatre cat\u00e9gories pour placer les rappeurs, ce qui cr\u00e9era une autre forme de comp\u00e9tition.<br \/>La cat\u00e9gorie A sera la plus \u00e9lev\u00e9e et la D, la plus faible.<br \/>Il y aura alors les saisons: 4 semaines, et les vainqueurs de chaque saison recevront alors un lot en fonction de leur cat\u00e9gorie.<br \/>Ce qui veut dire que le vainqueur de la cat\u00e9gorie A recevra un lot plus important que le vainqueur de la cat\u00e9gorie D.<\/p>\n<p>Sachez (et c&#8217;est \u00e9galement \u00e9crit dans le R\u00e8glement), qu&#8217;une saison dure 4 semaines et que chaque rappeur ne peut pas placer plus d&#8217;1 vid\u00e9o\/semaine ; soit 4 vid\u00e9os, puisqu&#8217;il y a 4 semaines de battles dans 1 saison.<\/p>\n<p>Ce sont donc 4 combats qui nous donneront le vainqueur de chaque saison !<\/p>\n<p style=\"text-align: center;\"><em>Seuls les vainqueurs recevront des lots \u00e0 la fin de la saison car:<\/em><br \/><em> &#8220;Il ne pourra en rester qu&#8217;un !&#8221;.<\/em><\/p>\n<p>La saison se terminera alors, les champions de chaque saison entreront dans le &#8220;Hall of Fame&#8221; (Hall de la Gloire), seront reconnus par les autres rappeurs, et remporteront leur lot !<br \/><em>Je pr\u00e9cise que tous les &#8220;Hall of Fame&#8221; seront archiv\u00e9s&#8230; et que tous les visiteurs\/joueurs pourront les consulter.<\/em><\/p>\n<p>4 lots pour les 4 vainqueurs de la saison de chaque cat\u00e9gorie.<br \/>Je le r\u00e9p\u00e8te les lots sont croissants, la cat\u00e9gorie D est plus faible que la cat\u00e9gorie A, les vainqueurs ne recevront donc pas les m\u00eame lots ! \ud83d\ude09<\/p>\n<p>Apr\u00e8s que chacun soit r\u00e9compens\u00e9, une <strong><u>nouvelle p\u00e9riode de battles commencera<\/u><\/strong>, vous retrouverez donc le bouton &#8220;C&#8221;, durant le temps n\u00e9cessaire \u00e0 la mise en place d&#8217;une nouvelle saison.<\/p>\n<p>Vous serez tous inform\u00e9 avant le d\u00e9but de la premi\u00e8re saison sur la page News (menu de droite).<br \/>N&#8217;h\u00e9sitez d&#8217;ailleurs pas \u00e0 consulter cette page pour savoir ce qu&#8217;il se passe sur BRG.<\/p>\n<p>Il est \u00e9galement <u>fortement conseill\u00e9<\/u> de prendre connaissance du <a href=\"http:\/\/www.battlerapgame.fr\/?page_id=14\">R\u00e8glement int\u00e9rieur<\/a> du site BRG, pour \u00e9viter les mauvaises surprises.<\/p>\n<p>Voil\u00e0, je crois que le fonctionnement de BRG a \u00e9t\u00e9 expliqu\u00e9, si vous avez des questions, n&#8217;h\u00e9sitez pas: <a href=\"http:\/\/www.battlerapgame.fr\/?page_id=20\">contactez-nous<\/a> pour plus d&#8217;explications.<\/p>\n\n\n<hr class=\"wp-block-separator has-alpha-channel-opacity\"\/>\n\n\n\n<p>Je pr\u00e9cise, que, comme durant la p\u00e9riode de l&#8217;ar\u00e8ne (appel\u00e9e &#8220;C&#8221;), pendant les saisons, 1 victoire = 4 points et 1 d\u00e9faite = 1 point, toutefois, contrairement \u00e0 la p\u00e9riode de l&#8217;ar\u00e8ne, pendant les saisons, la (ddp) soit la diff\u00e9rence de points sera prise en compte (pour \u00e9viter trop d&#8217;\u00e9galit\u00e9s).<\/p>\n\n\n\n<p><strong>Exemple:<br><\/strong>Si nom-du-joueur1 GAGNE contre nom-du-joueur-2, nom-du-joueur-1 gagne 4 points + la (ddp) +7, par exemple et nom-du-joueur-2 gagne 1 point &#8211; la (ddp) -8.<\/p>\n\n\n\n<p>Donc sur le Classement (Hall Of Fame):<br>nom-du-joueur1, 4 points, +7<br>nom-du-joueur2, 1 point, -8<\/p>\n\n\n\n<p>Derni\u00e8re pr\u00e9cision, si \u00e0 la fin des 4 semaines de la Saison, il y a des \u00e9galit\u00e9s entre les vainqueurs de chaque cat\u00e9gorie: A, B, C et D, alors, tous les vainqueurs \u00e9gaux remporteront le lot ad\u00e9quate.<\/p>\n\n\n\n<hr class=\"wp-block-separator has-alpha-channel-opacity\"\/>\n\n\n\n<p>Pour finir, chaque joueur(rappeur) peut venir nous contacter via la page <a href=\"http:\/\/www.battlerapgame.fr\/?page_id=20\">CONTACTER ADMINISTRATION<\/a>, si vous avez des questions sur le fonctionnement du jeu ; pour nous faire remarquer une erreur de n\u00f4tre part ou une erreur que vous pensez que nous avons commis, etc.<\/p>\n\n\n\n<p>En outre, les visiteurs peuvent nous contacter aussi.<\/p>\n\n\n\n<p><\/p>\n\n\n<div class=\"wp-block-image\">\n<figure class=\"aligncenter size-full\"><img loading=\"lazy\" decoding=\"async\" width=\"330\" height=\"384\" src=\"http:\/\/www.battlerapgame.fr\/wp-content\/uploads\/2024\/10\/keep-calm-trefle-1.png\" alt=\"\" class=\"wp-image-439\" srcset=\"http:\/\/www.battlerapgame.fr\/wp-content\/uploads\/2024\/10\/keep-calm-trefle-1.png 330w, http:\/\/www.battlerapgame.fr\/wp-content\/uploads\/2024\/10\/keep-calm-trefle-1-258x300.png 258w\" sizes=\"(max-width: 330px) 100vw, 330px\" \/><\/figure><\/div>\n\n\n<p><\/p>\n\n\n\n<p><\/p>\n\n\n\n<p><\/p>\n","protected":false},"excerpt":{"rendered":"<p>BattleRapGame (BRG), est un site de battles Rap.Son fonctionnement est tr\u00e8s simple:1. les rappeurs postent leur vid\u00e9o (clip-rap)2. les visiteurs votent pour leur vid\u00e9o favorie3. la battle se termine avec un gagnant et un perdant4. le gagnant gagne 4 points, le perdant 1 seul pointLe but du jeu \u00e9tant d&#8217;avoir le plus de points possible. &hellip; <a href=\"http:\/\/www.battlerapgame.fr\/?page_id=2\" class=\"more-link\">Continuer la lecture de <span class=\"screen-reader-text\">Comment \u00e7a marche ?<\/span> <span class=\"meta-nav\">&rarr;<\/span><\/a><\/p>\n","protected":false},"author":1,"featured_media":0,"parent":0,"menu_order":1,"comment_status":"closed","ping_status":"open","template":"","meta":{"footnotes":""},"categories":[],"tags":[],"class_list":["post-2","page","type-page","status-publish","hentry"],"yoast_head":"<!-- This site is optimized with the Yoast SEO plugin v23.5 - https:\/\/yoast.com\/wordpress\/plugins\/seo\/ -->\n<title>Comment \u00e7a marche ? - BattleRapgame - Entrez dans l&#039;ar\u00e8ne ! :)<\/title>\n<meta name=\"robots\" content=\"index, follow, max-snippet:-1, max-image-preview:large, max-video-preview:-1\" \/>\n<link rel=\"canonical\" href=\"http:\/\/www.battlerapgame.fr\/?page_id=2\" \/>\n<meta property=\"og:locale\" content=\"fr_FR\" \/>\n<meta property=\"og:type\" content=\"article\" \/>\n<meta property=\"og:title\" content=\"Comment \u00e7a marche ? - BattleRapgame - Entrez dans l&#039;ar\u00e8ne ! :)\" \/>\n<meta property=\"og:description\" content=\"BattleRapGame (BRG), est un site de battles Rap.Son fonctionnement est tr\u00e8s simple:1. les rappeurs postent leur vid\u00e9o (clip-rap)2. les visiteurs votent pour leur vid\u00e9o favorie3. la battle se termine avec un gagnant et un perdant4. le gagnant gagne 4 points, le perdant 1 seul pointLe but du jeu \u00e9tant d&#8217;avoir le plus de points possible. &hellip; Continuer la lecture de Comment \u00e7a marche ? &rarr;\" \/>\n<meta property=\"og:url\" content=\"http:\/\/www.battlerapgame.fr\/?page_id=2\" \/>\n<meta property=\"og:site_name\" content=\"BattleRapgame - Entrez dans l&#039;ar\u00e8ne ! :)\" \/>\n<meta property=\"article:modified_time\" content=\"2024-10-07T18:40:33+00:00\" \/>\n<meta property=\"og:image\" content=\"http:\/\/www.battlerapgame.fr\/wp-content\/uploads\/2017\/08\/comment-ca-marche.jpg\" \/>\n<meta name=\"twitter:card\" content=\"summary_large_image\" \/>\n<meta name=\"twitter:label1\" content=\"Dur\u00e9e de lecture estim\u00e9e\" \/>\n\t<meta name=\"twitter:data1\" content=\"5 minutes\" \/>\n<script type=\"application\/ld+json\" class=\"yoast-schema-graph\">{\"@context\":\"https:\/\/schema.org\",\"@graph\":[{\"@type\":\"WebPage\",\"@id\":\"http:\/\/www.battlerapgame.fr\/?page_id=2\",\"url\":\"http:\/\/www.battlerapgame.fr\/?page_id=2\",\"name\":\"Comment \u00e7a marche ? - BattleRapgame - Entrez dans l&#039;ar\u00e8ne ! :)\",\"isPartOf\":{\"@id\":\"http:\/\/www.battlerapgame.fr\/#website\"},\"primaryImageOfPage\":{\"@id\":\"http:\/\/www.battlerapgame.fr\/?page_id=2#primaryimage\"},\"image\":{\"@id\":\"http:\/\/www.battlerapgame.fr\/?page_id=2#primaryimage\"},\"thumbnailUrl\":\"http:\/\/www.battlerapgame.fr\/wp-content\/uploads\/2017\/08\/comment-ca-marche.jpg\",\"datePublished\":\"2017-08-02T23:43:46+00:00\",\"dateModified\":\"2024-10-07T18:40:33+00:00\",\"breadcrumb\":{\"@id\":\"http:\/\/www.battlerapgame.fr\/?page_id=2#breadcrumb\"},\"inLanguage\":\"fr-FR\",\"potentialAction\":[{\"@type\":\"ReadAction\",\"target\":[\"http:\/\/www.battlerapgame.fr\/?page_id=2\"]}]},{\"@type\":\"ImageObject\",\"inLanguage\":\"fr-FR\",\"@id\":\"http:\/\/www.battlerapgame.fr\/?page_id=2#primaryimage\",\"url\":\"http:\/\/www.battlerapgame.fr\/wp-content\/uploads\/2017\/08\/comment-ca-marche.jpg\",\"contentUrl\":\"http:\/\/www.battlerapgame.fr\/wp-content\/uploads\/2017\/08\/comment-ca-marche.jpg\",\"width\":550,\"height\":386},{\"@type\":\"BreadcrumbList\",\"@id\":\"http:\/\/www.battlerapgame.fr\/?page_id=2#breadcrumb\",\"itemListElement\":[{\"@type\":\"ListItem\",\"position\":1,\"name\":\"Accueil\",\"item\":\"http:\/\/www.battlerapgame.fr\/\"},{\"@type\":\"ListItem\",\"position\":2,\"name\":\"Comment \u00e7a marche ?\"}]},{\"@type\":\"WebSite\",\"@id\":\"http:\/\/www.battlerapgame.fr\/#website\",\"url\":\"http:\/\/www.battlerapgame.fr\/\",\"name\":\"BattleRapgame - Entrez dans l&#039;ar\u00e8ne ! :)\",\"description\":\"\",\"potentialAction\":[{\"@type\":\"SearchAction\",\"target\":{\"@type\":\"EntryPoint\",\"urlTemplate\":\"http:\/\/www.battlerapgame.fr\/?s={search_term_string}\"},\"query-input\":{\"@type\":\"PropertyValueSpecification\",\"valueRequired\":true,\"valueName\":\"search_term_string\"}}],\"inLanguage\":\"fr-FR\"}]}<\/script>\n<!-- \/ Yoast SEO plugin. -->","yoast_head_json":{"title":"Comment \u00e7a marche ? - BattleRapgame - Entrez dans l&#039;ar\u00e8ne ! :)","robots":{"index":"index","follow":"follow","max-snippet":"max-snippet:-1","max-image-preview":"max-image-preview:large","max-video-preview":"max-video-preview:-1"},"canonical":"http:\/\/www.battlerapgame.fr\/?page_id=2","og_locale":"fr_FR","og_type":"article","og_title":"Comment \u00e7a marche ? - BattleRapgame - Entrez dans l&#039;ar\u00e8ne ! :)","og_description":"BattleRapGame (BRG), est un site de battles Rap.Son fonctionnement est tr\u00e8s simple:1. les rappeurs postent leur vid\u00e9o (clip-rap)2. les visiteurs votent pour leur vid\u00e9o favorie3. la battle se termine avec un gagnant et un perdant4. le gagnant gagne 4 points, le perdant 1 seul pointLe but du jeu \u00e9tant d&#8217;avoir le plus de points possible. &hellip; Continuer la lecture de Comment \u00e7a marche ? &rarr;","og_url":"http:\/\/www.battlerapgame.fr\/?page_id=2","og_site_name":"BattleRapgame - Entrez dans l&#039;ar\u00e8ne ! :)","article_modified_time":"2024-10-07T18:40:33+00:00","og_image":[{"url":"http:\/\/www.battlerapgame.fr\/wp-content\/uploads\/2017\/08\/comment-ca-marche.jpg"}],"twitter_card":"summary_large_image","twitter_misc":{"Dur\u00e9e de lecture estim\u00e9e":"5 minutes"},"schema":{"@context":"https:\/\/schema.org","@graph":[{"@type":"WebPage","@id":"http:\/\/www.battlerapgame.fr\/?page_id=2","url":"http:\/\/www.battlerapgame.fr\/?page_id=2","name":"Comment \u00e7a marche ? - BattleRapgame - Entrez dans l&#039;ar\u00e8ne ! :)","isPartOf":{"@id":"http:\/\/www.battlerapgame.fr\/#website"},"primaryImageOfPage":{"@id":"http:\/\/www.battlerapgame.fr\/?page_id=2#primaryimage"},"image":{"@id":"http:\/\/www.battlerapgame.fr\/?page_id=2#primaryimage"},"thumbnailUrl":"http:\/\/www.battlerapgame.fr\/wp-content\/uploads\/2017\/08\/comment-ca-marche.jpg","datePublished":"2017-08-02T23:43:46+00:00","dateModified":"2024-10-07T18:40:33+00:00","breadcrumb":{"@id":"http:\/\/www.battlerapgame.fr\/?page_id=2#breadcrumb"},"inLanguage":"fr-FR","potentialAction":[{"@type":"ReadAction","target":["http:\/\/www.battlerapgame.fr\/?page_id=2"]}]},{"@type":"ImageObject","inLanguage":"fr-FR","@id":"http:\/\/www.battlerapgame.fr\/?page_id=2#primaryimage","url":"http:\/\/www.battlerapgame.fr\/wp-content\/uploads\/2017\/08\/comment-ca-marche.jpg","contentUrl":"http:\/\/www.battlerapgame.fr\/wp-content\/uploads\/2017\/08\/comment-ca-marche.jpg","width":550,"height":386},{"@type":"BreadcrumbList","@id":"http:\/\/www.battlerapgame.fr\/?page_id=2#breadcrumb","itemListElement":[{"@type":"ListItem","position":1,"name":"Accueil","item":"http:\/\/www.battlerapgame.fr\/"},{"@type":"ListItem","position":2,"name":"Comment \u00e7a marche ?"}]},{"@type":"WebSite","@id":"http:\/\/www.battlerapgame.fr\/#website","url":"http:\/\/www.battlerapgame.fr\/","name":"BattleRapgame - Entrez dans l&#039;ar\u00e8ne ! :)","description":"","potentialAction":[{"@type":"SearchAction","target":{"@type":"EntryPoint","urlTemplate":"http:\/\/www.battlerapgame.fr\/?s={search_term_string}"},"query-input":{"@type":"PropertyValueSpecification","valueRequired":true,"valueName":"search_term_string"}}],"inLanguage":"fr-FR"}]}},"_links":{"self":[{"href":"http:\/\/www.battlerapgame.fr\/index.php?rest_route=\/wp\/v2\/pages\/2"}],"collection":[{"href":"http:\/\/www.battlerapgame.fr\/index.php?rest_route=\/wp\/v2\/pages"}],"about":[{"href":"http:\/\/www.battlerapgame.fr\/index.php?rest_route=\/wp\/v2\/types\/page"}],"author":[{"embeddable":true,"href":"http:\/\/www.battlerapgame.fr\/index.php?rest_route=\/wp\/v2\/users\/1"}],"replies":[{"embeddable":true,"href":"http:\/\/www.battlerapgame.fr\/index.php?rest_route=%2Fwp%2Fv2%2Fcomments&post=2"}],"version-history":[{"count":23,"href":"http:\/\/www.battlerapgame.fr\/index.php?rest_route=\/wp\/v2\/pages\/2\/revisions"}],"predecessor-version":[{"id":450,"href":"http:\/\/www.battlerapgame.fr\/index.php?rest_route=\/wp\/v2\/pages\/2\/revisions\/450"}],"wp:attachment":[{"href":"http:\/\/www.battlerapgame.fr\/index.php?rest_route=%2Fwp%2Fv2%2Fmedia&parent=2"}],"wp:term":[{"taxonomy":"category","embeddable":true,"href":"http:\/\/www.battlerapgame.fr\/index.php?rest_route=%2Fwp%2Fv2%2Fcategories&post=2"},{"taxonomy":"post_tag","embeddable":true,"href":"http:\/\/www.battlerapgame.fr\/index.php?rest_route=%2Fwp%2Fv2%2Ftags&post=2"}],"curies":[{"name":"wp","href":"https:\/\/api.w.org\/{rel}","templated":true}]}}