{"id":14,"date":"2017-08-03T02:22:06","date_gmt":"2017-08-03T00:22:06","guid":{"rendered":"http:\/\/metaconception.000webhostapp.com\/battlerapgame\/?page_id=14"},"modified":"2024-01-31T11:59:08","modified_gmt":"2024-01-31T10:59:08","slug":"reglement","status":"publish","type":"page","link":"http:\/\/www.battlerapgame.fr\/?page_id=14","title":{"rendered":"R\u00e8glement"},"content":{"rendered":"<p><img loading=\"lazy\" decoding=\"async\" class=\"size-medium wp-image-66 aligncenter\" src=\"http:\/\/metaconception.000webhostapp.com\/battlerapgame\/wp-content\/uploads\/2017\/08\/reglement-300x128.png\" alt=\"\" width=\"300\" height=\"128\" srcset=\"http:\/\/www.battlerapgame.fr\/wp-content\/uploads\/2017\/08\/reglement-300x128.png 300w, http:\/\/www.battlerapgame.fr\/wp-content\/uploads\/2017\/08\/reglement.png 500w\" sizes=\"(max-width: 300px) 100vw, 300px\" \/><\/p>\n<p style=\"text-align: center;\"><strong>Introduction<\/strong><\/p>\n<p style=\"text-align: center;\">1. Faire preuve de courtoisie<br \/>\n2. \u00catre fair-play<br \/>\n3. Mettre chant+instru au minimum par vid\u00e9o<br \/>\n4. h\u00e9bergez votre vid\u00e9o sur youtube avant de la mettre sur BRG<br \/>\n5. toutes les langues sont accept\u00e9es: anglais, fran\u00e7ais, espagnol, etc.<br \/>\n6. contacter les admins pour toute r\u00e9clamation, suggestion, question, etc.<br \/>\n7. Amusez-vous !<\/p>\n<p style=\"text-align: center;\"><strong>Le coeur du r\u00e8glement<\/strong><\/p>\n<ul>\n<li>sachez qu&#8217;une battle avant les saisons (voir &#8220;comment \u00e7a marche) dure le temps de 15 votes !<\/li>\n<li>sachez qu&#8217;il n&#8217;y aura jamais plus de 60 rappeurs actifs sur le site (une fois ce chiffre atteint, les inscriptions sont closes jusqu&#8217;\u00e0 l&#8217;ouverture de la saison suivante)<\/li>\n<li>sachez qu&#8217;une saison dure 16 semaines et que vous ne pouvez poster plus d&#8217;une vid\u00e9o\/semaine durant toute la saison (soit 16 vid\u00e9os par rappeur)<\/li>\n<li>sachez qu&#8217;il est interdit de cr\u00e9er un multi-comptes pour voter pour soi-m\u00eame<\/li>\n<li>sachez qu&#8217;il est strictement interdit d&#8217;utiliser une vid\u00e9o qui n&#8217;est pas de soi : toute vid\u00e9o post\u00e9e doit \u00eatre une cr\u00e9ation personnelle<\/li>\n<\/ul>\n<p style=\"text-align: center;\"><em>Tout manquement aux trois derniers points stipulez dans &#8220;le coeur du r\u00e8glement&#8221; sera passible d&#8217;un ban !<\/em><\/p>\n","protected":false},"excerpt":{"rendered":"<p>Introduction 1. Faire preuve de courtoisie 2. \u00catre fair-play 3. Mettre chant+instru au minimum par vid\u00e9o 4. h\u00e9bergez votre vid\u00e9o sur youtube avant de la mettre sur BRG 5. toutes les langues sont accept\u00e9es: anglais, fran\u00e7ais, espagnol, etc. 6. contacter les admins pour toute r\u00e9clamation, suggestion, question, etc. 7. Amusez-vous ! Le coeur du r\u00e8glement &hellip; <a href=\"http:\/\/www.battlerapgame.fr\/?page_id=14\" class=\"more-link\">Continuer la lecture de <span class=\"screen-reader-text\">R\u00e8glement<\/span> <span class=\"meta-nav\">&rarr;<\/span><\/a><\/p>\n","protected":false},"author":1,"featured_media":0,"parent":0,"menu_order":0,"comment_status":"closed","ping_status":"closed","template":"","meta":{"footnotes":""},"categories":[],"tags":[],"class_list":["post-14","page","type-page","status-publish","hentry"],"yoast_head":"<!-- This site is optimized with the Yoast SEO plugin v23.5 - https:\/\/yoast.com\/wordpress\/plugins\/seo\/ -->\n<title>R\u00e8glement - BattleRapgame - Entrez dans l&#039;ar\u00e8ne ! :)<\/title>\n<meta name=\"robots\" content=\"index, follow, max-snippet:-1, max-image-preview:large, max-video-preview:-1\" \/>\n<link rel=\"canonical\" href=\"http:\/\/www.battlerapgame.fr\/?page_id=14\" \/>\n<meta property=\"og:locale\" content=\"fr_FR\" \/>\n<meta property=\"og:type\" content=\"article\" \/>\n<meta property=\"og:title\" content=\"R\u00e8glement - BattleRapgame - Entrez dans l&#039;ar\u00e8ne ! :)\" \/>\n<meta property=\"og:description\" content=\"Introduction 1. Faire preuve de courtoisie 2. \u00catre fair-play 3. Mettre chant+instru au minimum par vid\u00e9o 4. h\u00e9bergez votre vid\u00e9o sur youtube avant de la mettre sur BRG 5. toutes les langues sont accept\u00e9es: anglais, fran\u00e7ais, espagnol, etc. 6. contacter les admins pour toute r\u00e9clamation, suggestion, question, etc. 7. Amusez-vous ! Le coeur du r\u00e8glement &hellip; Continuer la lecture de R\u00e8glement &rarr;\" \/>\n<meta property=\"og:url\" content=\"http:\/\/www.battlerapgame.fr\/?page_id=14\" \/>\n<meta property=\"og:site_name\" content=\"BattleRapgame - Entrez dans l&#039;ar\u00e8ne ! :)\" \/>\n<meta property=\"article:modified_time\" content=\"2024-01-31T10:59:08+00:00\" \/>\n<meta property=\"og:image\" content=\"http:\/\/metaconception.000webhostapp.com\/battlerapgame\/wp-content\/uploads\/2017\/08\/reglement-300x128.png\" \/>\n<meta name=\"twitter:card\" content=\"summary_large_image\" \/>\n<meta name=\"twitter:label1\" content=\"Dur\u00e9e de lecture estim\u00e9e\" \/>\n\t<meta name=\"twitter:data1\" content=\"2 minutes\" \/>\n<script type=\"application\/ld+json\" class=\"yoast-schema-graph\">{\"@context\":\"https:\/\/schema.org\",\"@graph\":[{\"@type\":\"WebPage\",\"@id\":\"http:\/\/www.battlerapgame.fr\/?page_id=14\",\"url\":\"http:\/\/www.battlerapgame.fr\/?page_id=14\",\"name\":\"R\u00e8glement - BattleRapgame - Entrez dans l&#039;ar\u00e8ne ! :)\",\"isPartOf\":{\"@id\":\"http:\/\/www.battlerapgame.fr\/#website\"},\"primaryImageOfPage\":{\"@id\":\"http:\/\/www.battlerapgame.fr\/?page_id=14#primaryimage\"},\"image\":{\"@id\":\"http:\/\/www.battlerapgame.fr\/?page_id=14#primaryimage\"},\"thumbnailUrl\":\"http:\/\/metaconception.000webhostapp.com\/battlerapgame\/wp-content\/uploads\/2017\/08\/reglement-300x128.png\",\"datePublished\":\"2017-08-03T00:22:06+00:00\",\"dateModified\":\"2024-01-31T10:59:08+00:00\",\"breadcrumb\":{\"@id\":\"http:\/\/www.battlerapgame.fr\/?page_id=14#breadcrumb\"},\"inLanguage\":\"fr-FR\",\"potentialAction\":[{\"@type\":\"ReadAction\",\"target\":[\"http:\/\/www.battlerapgame.fr\/?page_id=14\"]}]},{\"@type\":\"ImageObject\",\"inLanguage\":\"fr-FR\",\"@id\":\"http:\/\/www.battlerapgame.fr\/?page_id=14#primaryimage\",\"url\":\"http:\/\/metaconception.000webhostapp.com\/battlerapgame\/wp-content\/uploads\/2017\/08\/reglement-300x128.png\",\"contentUrl\":\"http:\/\/metaconception.000webhostapp.com\/battlerapgame\/wp-content\/uploads\/2017\/08\/reglement-300x128.png\"},{\"@type\":\"BreadcrumbList\",\"@id\":\"http:\/\/www.battlerapgame.fr\/?page_id=14#breadcrumb\",\"itemListElement\":[{\"@type\":\"ListItem\",\"position\":1,\"name\":\"Accueil\",\"item\":\"http:\/\/www.battlerapgame.fr\/\"},{\"@type\":\"ListItem\",\"position\":2,\"name\":\"R\u00e8glement\"}]},{\"@type\":\"WebSite\",\"@id\":\"http:\/\/www.battlerapgame.fr\/#website\",\"url\":\"http:\/\/www.battlerapgame.fr\/\",\"name\":\"BattleRapgame - Entrez dans l&#039;ar\u00e8ne ! :)\",\"description\":\"\",\"potentialAction\":[{\"@type\":\"SearchAction\",\"target\":{\"@type\":\"EntryPoint\",\"urlTemplate\":\"http:\/\/www.battlerapgame.fr\/?s={search_term_string}\"},\"query-input\":{\"@type\":\"PropertyValueSpecification\",\"valueRequired\":true,\"valueName\":\"search_term_string\"}}],\"inLanguage\":\"fr-FR\"}]}<\/script>\n<!-- \/ Yoast SEO plugin. -->","yoast_head_json":{"title":"R\u00e8glement - BattleRapgame - Entrez dans l&#039;ar\u00e8ne ! :)","robots":{"index":"index","follow":"follow","max-snippet":"max-snippet:-1","max-image-preview":"max-image-preview:large","max-video-preview":"max-video-preview:-1"},"canonical":"http:\/\/www.battlerapgame.fr\/?page_id=14","og_locale":"fr_FR","og_type":"article","og_title":"R\u00e8glement - BattleRapgame - Entrez dans l&#039;ar\u00e8ne ! :)","og_description":"Introduction 1. Faire preuve de courtoisie 2. \u00catre fair-play 3. Mettre chant+instru au minimum par vid\u00e9o 4. h\u00e9bergez votre vid\u00e9o sur youtube avant de la mettre sur BRG 5. toutes les langues sont accept\u00e9es: anglais, fran\u00e7ais, espagnol, etc. 6. contacter les admins pour toute r\u00e9clamation, suggestion, question, etc. 7. Amusez-vous ! Le coeur du r\u00e8glement &hellip; Continuer la lecture de R\u00e8glement &rarr;","og_url":"http:\/\/www.battlerapgame.fr\/?page_id=14","og_site_name":"BattleRapgame - Entrez dans l&#039;ar\u00e8ne ! :)","article_modified_time":"2024-01-31T10:59:08+00:00","og_image":[{"url":"http:\/\/metaconception.000webhostapp.com\/battlerapgame\/wp-content\/uploads\/2017\/08\/reglement-300x128.png"}],"twitter_card":"summary_large_image","twitter_misc":{"Dur\u00e9e de lecture estim\u00e9e":"2 minutes"},"schema":{"@context":"https:\/\/schema.org","@graph":[{"@type":"WebPage","@id":"http:\/\/www.battlerapgame.fr\/?page_id=14","url":"http:\/\/www.battlerapgame.fr\/?page_id=14","name":"R\u00e8glement - BattleRapgame - Entrez dans l&#039;ar\u00e8ne ! :)","isPartOf":{"@id":"http:\/\/www.battlerapgame.fr\/#website"},"primaryImageOfPage":{"@id":"http:\/\/www.battlerapgame.fr\/?page_id=14#primaryimage"},"image":{"@id":"http:\/\/www.battlerapgame.fr\/?page_id=14#primaryimage"},"thumbnailUrl":"http:\/\/metaconception.000webhostapp.com\/battlerapgame\/wp-content\/uploads\/2017\/08\/reglement-300x128.png","datePublished":"2017-08-03T00:22:06+00:00","dateModified":"2024-01-31T10:59:08+00:00","breadcrumb":{"@id":"http:\/\/www.battlerapgame.fr\/?page_id=14#breadcrumb"},"inLanguage":"fr-FR","potentialAction":[{"@type":"ReadAction","target":["http:\/\/www.battlerapgame.fr\/?page_id=14"]}]},{"@type":"ImageObject","inLanguage":"fr-FR","@id":"http:\/\/www.battlerapgame.fr\/?page_id=14#primaryimage","url":"http:\/\/metaconception.000webhostapp.com\/battlerapgame\/wp-content\/uploads\/2017\/08\/reglement-300x128.png","contentUrl":"http:\/\/metaconception.000webhostapp.com\/battlerapgame\/wp-content\/uploads\/2017\/08\/reglement-300x128.png"},{"@type":"BreadcrumbList","@id":"http:\/\/www.battlerapgame.fr\/?page_id=14#breadcrumb","itemListElement":[{"@type":"ListItem","position":1,"name":"Accueil","item":"http:\/\/www.battlerapgame.fr\/"},{"@type":"ListItem","position":2,"name":"R\u00e8glement"}]},{"@type":"WebSite","@id":"http:\/\/www.battlerapgame.fr\/#website","url":"http:\/\/www.battlerapgame.fr\/","name":"BattleRapgame - Entrez dans l&#039;ar\u00e8ne ! :)","description":"","potentialAction":[{"@type":"SearchAction","target":{"@type":"EntryPoint","urlTemplate":"http:\/\/www.battlerapgame.fr\/?s={search_term_string}"},"query-input":{"@type":"PropertyValueSpecification","valueRequired":true,"valueName":"search_term_string"}}],"inLanguage":"fr-FR"}]}},"_links":{"self":[{"href":"http:\/\/www.battlerapgame.fr\/index.php?rest_route=\/wp\/v2\/pages\/14"}],"collection":[{"href":"http:\/\/www.battlerapgame.fr\/index.php?rest_route=\/wp\/v2\/pages"}],"about":[{"href":"http:\/\/www.battlerapgame.fr\/index.php?rest_route=\/wp\/v2\/types\/page"}],"author":[{"embeddable":true,"href":"http:\/\/www.battlerapgame.fr\/index.php?rest_route=\/wp\/v2\/users\/1"}],"replies":[{"embeddable":true,"href":"http:\/\/www.battlerapgame.fr\/index.php?rest_route=%2Fwp%2Fv2%2Fcomments&post=14"}],"version-history":[{"count":7,"href":"http:\/\/www.battlerapgame.fr\/index.php?rest_route=\/wp\/v2\/pages\/14\/revisions"}],"predecessor-version":[{"id":416,"href":"http:\/\/www.battlerapgame.fr\/index.php?rest_route=\/wp\/v2\/pages\/14\/revisions\/416"}],"wp:attachment":[{"href":"http:\/\/www.battlerapgame.fr\/index.php?rest_route=%2Fwp%2Fv2%2Fmedia&parent=14"}],"wp:term":[{"taxonomy":"category","embeddable":true,"href":"http:\/\/www.battlerapgame.fr\/index.php?rest_route=%2Fwp%2Fv2%2Fcategories&post=14"},{"taxonomy":"post_tag","embeddable":true,"href":"http:\/\/www.battlerapgame.fr\/index.php?rest_route=%2Fwp%2Fv2%2Ftags&post=14"}],"curies":[{"name":"wp","href":"https:\/\/api.w.org\/{rel}","templated":true}]}}